{"id":1534,"date":"2021-01-29T17:33:21","date_gmt":"2021-01-29T16:33:21","guid":{"rendered":"https:\/\/tallerelciclo.com\/taller-el-ciclo\/"},"modified":"2026-01-07T13:52:05","modified_gmt":"2026-01-07T12:52:05","slug":"taller-el-ciclo","status":"publish","type":"page","link":"https:\/\/tallerelciclo.com\/es\/taller-el-ciclo\/","title":{"rendered":"Taller el cicl\u00f3"},"content":{"rendered":"<p><div id=\"calderer\u00eda\" class=\"fusion-container-anchor\"><div class=\"fusion-fullwidth fullwidth-box fusion-builder-row-1 fusion-flex-container has-pattern-background has-mask-background nonhundred-percent-fullwidth non-hundred-percent-height-scrolling\" style=\"--awb-background-position:left top;--awb-background-blend-mode:screen;--awb-border-radius-top-left:0px;--awb-border-radius-top-right:0px;--awb-border-radius-bottom-right:0px;--awb-border-radius-bottom-left:0px;--awb-padding-top:41px;--awb-padding-bottom:0px;--awb-flex-wrap:wrap;\" ><div class=\"fusion-builder-row fusion-row fusion-flex-align-items-center fusion-flex-justify-content-center fusion-flex-content-wrap\" style=\"max-width:calc( 1370px + 95px );margin-left: calc(-95px \/ 2 );margin-right: calc(-95px \/ 2 );\"><div class=\"fusion-layout-column fusion_builder_column fusion-builder-column-0 fusion-flex-column\" style=\"--awb-bg-size:cover;--awb-width-large:auto;--awb-margin-top-large:0px;--awb-spacing-right-large:30px;--awb-margin-bottom-large:20px;--awb-spacing-left-large:30px;--awb-width-medium:auto;--awb-order-medium:0;--awb-spacing-right-medium:30px;--awb-spacing-left-medium:30px;--awb-width-small:100%;--awb-order-small:0;--awb-spacing-right-small:47.5px;--awb-spacing-left-small:47.5px;\"><div class=\"fusion-column-wrapper fusion-column-has-shadow fusion-flex-justify-content-flex-start fusion-content-layout-column\"><\/div><\/div><div class=\"fusion-layout-column fusion_builder_column fusion-builder-column-1 fusion_builder_column_3_4 3_4 fusion-flex-column\" style=\"--awb-bg-size:cover;--awb-width-large:75%;--awb-margin-top-large:0px;--awb-spacing-right-large:47.5px;--awb-margin-bottom-large:20px;--awb-spacing-left-large:47.5px;--awb-width-medium:75%;--awb-order-medium:0;--awb-spacing-right-medium:47.5px;--awb-spacing-left-medium:47.5px;--awb-width-small:100%;--awb-order-small:0;--awb-spacing-right-small:47.5px;--awb-spacing-left-small:47.5px;\"><div class=\"fusion-column-wrapper fusion-column-has-shadow fusion-flex-justify-content-flex-start fusion-content-layout-column\"><div class=\"fusion-image-element \" style=\"text-align:center;--awb-caption-title-font-family:var(--h2_typography-font-family);--awb-caption-title-font-weight:var(--h2_typography-font-weight);--awb-caption-title-font-style:var(--h2_typography-font-style);--awb-caption-title-size:var(--h2_typography-font-size);--awb-caption-title-transform:var(--h2_typography-text-transform);--awb-caption-title-line-height:var(--h2_typography-line-height);--awb-caption-title-letter-spacing:var(--h2_typography-letter-spacing);\"><span class=\" fusion-imageframe imageframe-none imageframe-1 hover-type-none\"><img decoding=\"async\" width=\"429\" height=\"241\" title=\"taller (1)\" src=\"https:\/\/tallerelciclo.com\/wp-content\/uploads\/2024\/08\/taller-1.png\" data-orig-src=\"https:\/\/tallerelciclo.com\/wp-content\/uploads\/2024\/08\/taller-1.png\" alt class=\"lazyload img-responsive wp-image-1519\" srcset=\"data:image\/svg+xml,%3Csvg%20xmlns%3D%27http%3A%2F%2Fwww.w3.org%2F2000%2Fsvg%27%20width%3D%27429%27%20height%3D%27241%27%20viewBox%3D%270%200%20429%20241%27%3E%3Crect%20width%3D%27429%27%20height%3D%27241%27%20fill-opacity%3D%220%22%2F%3E%3C%2Fsvg%3E\" data-srcset=\"https:\/\/tallerelciclo.com\/wp-content\/uploads\/2024\/08\/taller-1-200x112.png 200w, https:\/\/tallerelciclo.com\/wp-content\/uploads\/2024\/08\/taller-1-400x225.png 400w, https:\/\/tallerelciclo.com\/wp-content\/uploads\/2024\/08\/taller-1.png 429w\" data-sizes=\"auto\" data-orig-sizes=\"(max-width: 820px) 100vw, 429px\" \/><\/span><\/div><div class=\"fusion-text fusion-text-1\" style=\"--awb-text-color:#212934;\"><p data-start=\"1014\" data-end=\"1275\"><strong data-start=\"1014\" data-end=\"1033\">Taller el Cicl\u00f3<\/strong> se fund\u00f3 en el a\u00f1o 2000. Somos una empresa familiar dedicada a la construcci\u00f3n y reparaci\u00f3n de todo tipo de maquinaria industrial de diversos sectores, como el agroalimentario, \u00e1ridos, prefabricados y f\u00e1bricas de alimentaci\u00f3n y compostaje.<\/p>\n<p data-start=\"1282\" data-end=\"1465\">Tambi\u00e9n nos aseguramos de que cada m\u00e1quina cumpla su funci\u00f3n con la m\u00e1xima garant\u00eda de producci\u00f3n, eficiencia y durabilidad. Somos especialistas en el montaje de l\u00edneas en la f\u00e1brica.<\/p>\n<\/div><\/div><\/div><div class=\"fusion-layout-column fusion_builder_column fusion-builder-column-2 fusion-flex-column\" style=\"--awb-bg-size:cover;--awb-width-large:auto;--awb-margin-top-large:0px;--awb-spacing-right-large:30px;--awb-margin-bottom-large:20px;--awb-spacing-left-large:30px;--awb-width-medium:auto;--awb-order-medium:0;--awb-spacing-right-medium:30px;--awb-spacing-left-medium:30px;--awb-width-small:100%;--awb-order-small:0;--awb-spacing-right-small:47.5px;--awb-spacing-left-small:47.5px;\"><div class=\"fusion-column-wrapper fusion-column-has-shadow fusion-flex-justify-content-flex-start fusion-content-layout-column\"><\/div><\/div><\/div><\/div><\/div><div class=\"fusion-fullwidth fullwidth-box fusion-builder-row-2 fusion-flex-container video-background has-pattern-background has-mask-background nonhundred-percent-fullwidth non-hundred-percent-height-scrolling lazyload\" style=\"--awb-border-radius-top-left:0px;--awb-border-radius-top-right:0px;--awb-border-radius-bottom-right:0px;--awb-border-radius-bottom-left:0px;--awb-padding-top:340px;--awb-padding-bottom:70px;--awb-padding-top-medium:265px;--awb-padding-bottom-medium:100px;--awb-margin-bottom:0px;--awb-margin-bottom-medium:70px;--awb-margin-bottom-small:55px;--awb-background-image:linear-gradient(180deg, hsla(var(--awb-color7-h),var(--awb-color7-s),calc( var(--awb-color7-l) - 12% ),calc( var(--awb-color7-a) - 34% )) 14%,hsla(var(--awb-color8-h),var(--awb-color8-s),var(--awb-color8-l),calc( var(--awb-color8-a) - 80% )) 100%);;--awb-flex-wrap:wrap;\" data-bg=\"https:\/\/tallerelciclo.com\/wp-content\/uploads\/2021\/01\/banner-1.jpg\" data-bg-gradient=\"linear-gradient(180deg, hsla(var(--awb-color7-h),var(--awb-color7-s),calc( var(--awb-color7-l) - 12% ),calc( var(--awb-color7-a) - 34% )) 14%,hsla(var(--awb-color8-h),var(--awb-color8-s),var(--awb-color8-l),calc( var(--awb-color8-a) - 80% )) 100%)\" ><div class=\"fullwidth-video\"><video preload=\"auto\" autoplay playsinline loop muted><source src=\"https:\/\/tallerelciclo.com\/wp-content\/uploads\/2024\/08\/maquina-soldant-taller-el-ciclo.mp4\" type=\"video\/mp4\"><\/video><\/div><div class=\"fullwidth-overlay\" style=\"background-image: linear-gradient(180deg, hsla(var(--awb-color7-h),var(--awb-color7-s),calc( var(--awb-color7-l) - 12% ),calc( var(--awb-color7-a) - 34% )) 14%,hsla(var(--awb-color8-h),var(--awb-color8-s),var(--awb-color8-l),calc( var(--awb-color8-a) - 80% )) 100%);\"><\/div><div class=\"fusion-builder-row fusion-row fusion-flex-align-items-flex-start fusion-flex-justify-content-center fusion-flex-content-wrap\" style=\"max-width:1424.8px;margin-left: calc(-4% \/ 2 );margin-right: calc(-4% \/ 2 );\"><div class=\"fusion-layout-column fusion_builder_column fusion-builder-column-3 fusion_builder_column_3_4 3_4 fusion-flex-column\" style=\"--awb-bg-size:cover;--awb-width-large:75%;--awb-margin-top-large:0px;--awb-spacing-right-large:2.56%;--awb-margin-bottom-large:30px;--awb-spacing-left-large:2.56%;--awb-width-medium:66.666666666667%;--awb-order-medium:0;--awb-spacing-right-medium:2.88%;--awb-spacing-left-medium:2.88%;--awb-width-small:100%;--awb-order-small:0;--awb-spacing-right-small:1.92%;--awb-spacing-left-small:1.92%;\"><div class=\"fusion-column-wrapper fusion-column-has-shadow fusion-flex-justify-content-flex-start fusion-content-layout-column\"><div class=\"fusion-title title fusion-title-1 fusion-no-small-visibility fusion-sep-none fusion-title-center fusion-title-text fusion-title-size-two\" style=\"--awb-text-color:var(--awb-color1);--awb-margin-bottom:30px;--awb-font-size:63px;\"><h2 class=\"fusion-title-heading title-heading-center\" style=\"margin:0;font-size:1em;\">Contacta con nosotros<\/h2><\/div><div class=\"fusion-title title fusion-title-2 fusion-no-medium-visibility fusion-no-large-visibility fusion-sep-none fusion-title-center fusion-title-text fusion-title-size-two\" style=\"--awb-text-color:var(--awb-color1);--awb-margin-bottom:30px;--awb-font-size:40px;\"><h2 class=\"fusion-title-heading title-heading-center\" style=\"margin:0;font-size:1em;\">Contacta con nosotros<\/h2><\/div><div class=\"fusion-text fusion-text-2\" style=\"--awb-content-alignment:center;--awb-font-size:21px;--awb-text-color:var(--awb-color4);\"><p>En Taller el Cicl\u00f3n, entendemos la importancia de mantener sus operaciones en funcionamiento sin interrupciones. Nuestra dedicaci\u00f3n y conocimiento nos convierten en los aliados perfectos para su empresa.<\/p>\n<\/div><\/div><\/div><div class=\"fusion-layout-column fusion_builder_column fusion-builder-column-4 fusion_builder_column_1_2 1_2 fusion-flex-column\" style=\"--awb-bg-size:cover;--awb-width-large:50%;--awb-margin-top-large:0px;--awb-spacing-right-large:3.84%;--awb-margin-bottom-large:0px;--awb-spacing-left-large:3.84%;--awb-width-medium:50%;--awb-order-medium:0;--awb-spacing-right-medium:3.84%;--awb-spacing-left-medium:3.84%;--awb-width-small:100%;--awb-order-small:0;--awb-spacing-right-small:1.92%;--awb-margin-bottom-small:15px;--awb-spacing-left-small:1.92%;\"><div class=\"fusion-column-wrapper fusion-column-has-shadow fusion-flex-justify-content-flex-start fusion-content-layout-column\"><div style=\"text-align:center;\"><a class=\"fusion-button button-flat button-xlarge button-custom fusion-button-default button-1 fusion-button-default-span fusion-button-default-type\" style=\"--button_accent_color:var(--awb-color8);--button_border_color:var(--awb-color8);--button_accent_hover_color:var(--awb-color6);--button_border_hover_color:var(--awb-color1);--button_gradient_top_color:var(--awb-color1);--button_gradient_bottom_color:var(--awb-color1);--button_gradient_top_color_hover:hsla(var(--awb-color3-h),var(--awb-color3-s),calc(var(--awb-color3-l) - 9%),var(--awb-color3-a));--button_gradient_bottom_color_hover:hsla(var(--awb-color3-h),var(--awb-color3-s),calc(var(--awb-color3-l) - 9%),var(--awb-color3-a));\" target=\"_self\"><span class=\"fusion-button-text\">Contacta con nosotros<\/span><\/a><\/div><\/div><\/div><\/div><\/div><\/p>\n","protected":false},"excerpt":{"rendered":"","protected":false},"author":1,"featured_media":0,"parent":0,"menu_order":0,"comment_status":"closed","ping_status":"closed","template":"100-width.php","meta":{"footnotes":""},"class_list":["post-1534","page","type-page","status-publish","hentry"],"yoast_head":"<!-- This site is optimized with the Yoast SEO plugin v23.2 - https:\/\/yoast.com\/wordpress\/plugins\/seo\/ -->\n<title>Taller el cicl\u00f3 - Taller el Cicl\u00f3<\/title>\n<meta name=\"robots\" content=\"index, follow, max-snippet:-1, max-image-preview:large, max-video-preview:-1\" \/>\n<link rel=\"canonical\" href=\"https:\/\/tallerelciclo.com\/es\/taller-el-ciclo\/\" \/>\n<meta property=\"og:locale\" content=\"es_ES\" \/>\n<meta property=\"og:type\" content=\"article\" \/>\n<meta property=\"og:title\" content=\"Taller el cicl\u00f3 - Taller el Cicl\u00f3\" \/>\n<meta property=\"og:url\" content=\"https:\/\/tallerelciclo.com\/es\/taller-el-ciclo\/\" \/>\n<meta property=\"og:site_name\" content=\"Taller el Cicl\u00f3\" \/>\n<meta property=\"article:modified_time\" content=\"2026-01-07T12:52:05+00:00\" \/>\n<meta name=\"twitter:card\" content=\"summary_large_image\" \/>\n<meta name=\"twitter:label1\" content=\"Tiempo de lectura\" \/>\n\t<meta name=\"twitter:data1\" content=\"1 minuto\" \/>\n<script type=\"application\/ld+json\" class=\"yoast-schema-graph\">{\"@context\":\"https:\/\/schema.org\",\"@graph\":[{\"@type\":\"WebPage\",\"@id\":\"https:\/\/tallerelciclo.com\/es\/taller-el-ciclo\/\",\"url\":\"https:\/\/tallerelciclo.com\/es\/taller-el-ciclo\/\",\"name\":\"Taller el cicl\u00f3 - Taller el Cicl\u00f3\",\"isPartOf\":{\"@id\":\"https:\/\/tallerelciclo.com\/#website\"},\"datePublished\":\"2021-01-29T16:33:21+00:00\",\"dateModified\":\"2026-01-07T12:52:05+00:00\",\"breadcrumb\":{\"@id\":\"https:\/\/tallerelciclo.com\/es\/taller-el-ciclo\/#breadcrumb\"},\"inLanguage\":\"es\",\"potentialAction\":[{\"@type\":\"ReadAction\",\"target\":[\"https:\/\/tallerelciclo.com\/es\/taller-el-ciclo\/\"]}]},{\"@type\":\"BreadcrumbList\",\"@id\":\"https:\/\/tallerelciclo.com\/es\/taller-el-ciclo\/#breadcrumb\",\"itemListElement\":[{\"@type\":\"ListItem\",\"position\":1,\"name\":\"Inici\",\"item\":\"https:\/\/tallerelciclo.com\/es\/\"},{\"@type\":\"ListItem\",\"position\":2,\"name\":\"Taller el cicl\u00f3\"}]},{\"@type\":\"WebSite\",\"@id\":\"https:\/\/tallerelciclo.com\/#website\",\"url\":\"https:\/\/tallerelciclo.com\/\",\"name\":\"Taller el Cicl\u00f3\",\"description\":\"\",\"potentialAction\":[{\"@type\":\"SearchAction\",\"target\":{\"@type\":\"EntryPoint\",\"urlTemplate\":\"https:\/\/tallerelciclo.com\/?s={search_term_string}\"},\"query-input\":\"required name=search_term_string\"}],\"inLanguage\":\"es\"}]}<\/script>\n<!-- \/ Yoast SEO plugin. -->","yoast_head_json":{"title":"Taller el cicl\u00f3 - Taller el Cicl\u00f3","robots":{"index":"index","follow":"follow","max-snippet":"max-snippet:-1","max-image-preview":"max-image-preview:large","max-video-preview":"max-video-preview:-1"},"canonical":"https:\/\/tallerelciclo.com\/es\/taller-el-ciclo\/","og_locale":"es_ES","og_type":"article","og_title":"Taller el cicl\u00f3 - Taller el Cicl\u00f3","og_url":"https:\/\/tallerelciclo.com\/es\/taller-el-ciclo\/","og_site_name":"Taller el Cicl\u00f3","article_modified_time":"2026-01-07T12:52:05+00:00","twitter_card":"summary_large_image","twitter_misc":{"Tiempo de lectura":"1 minuto"},"schema":{"@context":"https:\/\/schema.org","@graph":[{"@type":"WebPage","@id":"https:\/\/tallerelciclo.com\/es\/taller-el-ciclo\/","url":"https:\/\/tallerelciclo.com\/es\/taller-el-ciclo\/","name":"Taller el cicl\u00f3 - Taller el Cicl\u00f3","isPartOf":{"@id":"https:\/\/tallerelciclo.com\/#website"},"datePublished":"2021-01-29T16:33:21+00:00","dateModified":"2026-01-07T12:52:05+00:00","breadcrumb":{"@id":"https:\/\/tallerelciclo.com\/es\/taller-el-ciclo\/#breadcrumb"},"inLanguage":"es","potentialAction":[{"@type":"ReadAction","target":["https:\/\/tallerelciclo.com\/es\/taller-el-ciclo\/"]}]},{"@type":"BreadcrumbList","@id":"https:\/\/tallerelciclo.com\/es\/taller-el-ciclo\/#breadcrumb","itemListElement":[{"@type":"ListItem","position":1,"name":"Inici","item":"https:\/\/tallerelciclo.com\/es\/"},{"@type":"ListItem","position":2,"name":"Taller el cicl\u00f3"}]},{"@type":"WebSite","@id":"https:\/\/tallerelciclo.com\/#website","url":"https:\/\/tallerelciclo.com\/","name":"Taller el Cicl\u00f3","description":"","potentialAction":[{"@type":"SearchAction","target":{"@type":"EntryPoint","urlTemplate":"https:\/\/tallerelciclo.com\/?s={search_term_string}"},"query-input":"required name=search_term_string"}],"inLanguage":"es"}]}},"_links":{"self":[{"href":"https:\/\/tallerelciclo.com\/es\/wp-json\/wp\/v2\/pages\/1534","targetHints":{"allow":["GET"]}}],"collection":[{"href":"https:\/\/tallerelciclo.com\/es\/wp-json\/wp\/v2\/pages"}],"about":[{"href":"https:\/\/tallerelciclo.com\/es\/wp-json\/wp\/v2\/types\/page"}],"author":[{"embeddable":true,"href":"https:\/\/tallerelciclo.com\/es\/wp-json\/wp\/v2\/users\/1"}],"replies":[{"embeddable":true,"href":"https:\/\/tallerelciclo.com\/es\/wp-json\/wp\/v2\/comments?post=1534"}],"version-history":[{"count":8,"href":"https:\/\/tallerelciclo.com\/es\/wp-json\/wp\/v2\/pages\/1534\/revisions"}],"predecessor-version":[{"id":1729,"href":"https:\/\/tallerelciclo.com\/es\/wp-json\/wp\/v2\/pages\/1534\/revisions\/1729"}],"wp:attachment":[{"href":"https:\/\/tallerelciclo.com\/es\/wp-json\/wp\/v2\/media?parent=1534"}],"curies":[{"name":"wp","href":"https:\/\/api.w.org\/{rel}","templated":true}]}}