{"id":1537,"date":"2021-01-20T19:01:27","date_gmt":"2021-01-20T18:01:27","guid":{"rendered":"https:\/\/tallerelciclo.com\/contacto\/"},"modified":"2024-08-13T15:26:25","modified_gmt":"2024-08-13T14:26:25","slug":"contacto","status":"publish","type":"page","link":"https:\/\/tallerelciclo.com\/es\/contacto\/","title":{"rendered":"Contacto"},"content":{"rendered":"<p><div class=\"fusion-fullwidth fullwidth-box fusion-builder-row-1 fusion-flex-container fusion-parallax-none nonhundred-percent-fullwidth non-hundred-percent-height-scrolling lazyload\" style=\"--awb-background-position:left top;--awb-background-blend-mode:screen;--awb-border-radius-top-left:0px;--awb-border-radius-top-right:0px;--awb-border-radius-bottom-right:0px;--awb-border-radius-bottom-left:0px;--awb-padding-top:5vw;--awb-padding-right:0px;--awb-padding-bottom:5vw;--awb-padding-left:0px;--awb-padding-top-medium:0px;--awb-padding-bottom-medium:0px;--awb-padding-top-small:0px;--awb-background-color:var(--awb-color2);--awb-background-size:cover;--awb-flex-wrap:wrap;\" data-bg=\"https:\/\/tallerelciclo.com\/wp-content\/uploads\/2021\/01\/circle-bg-3.svg\" ><div class=\"fusion-builder-row fusion-row fusion-flex-align-items-stretch fusion-flex-justify-content-center fusion-flex-content-wrap\" style=\"max-width:calc( 1370px + 0px );margin-left: calc(-0px \/ 2 );margin-right: calc(-0px \/ 2 );\"><div class=\"fusion-layout-column fusion_builder_column fusion-builder-column-0 fusion-flex-column\" style=\"--awb-overflow:hidden;--awb-bg-image:linear-gradient(180deg, rgba(0,28,82,0) 65%,var(--awb-color7) 100%);;--awb-bg-position:center center;--awb-bg-blend:overlay;--awb-bg-size:cover;--awb-border-radius:8px 0px 0px 8px;--awb-width-large:45%;--awb-margin-top-large:0px;--awb-spacing-right-large:0px;--awb-margin-bottom-large:0px;--awb-spacing-left-large:0px;--awb-width-medium:45%;--awb-order-medium:0;--awb-spacing-right-medium:0px;--awb-spacing-left-medium:0px;--awb-width-small:100%;--awb-order-small:1;--awb-spacing-right-small:0px;--awb-spacing-left-small:0px;\" data-scroll-devices=\"small-visibility,medium-visibility,large-visibility\"><div class=\"fusion-column-wrapper lazyload fusion-column-has-shadow fusion-flex-justify-content-center fusion-content-layout-column fusion-column-has-bg-image\" data-bg-url=\"https:\/\/tallerelciclo.com\/wp-content\/uploads\/2022\/04\/service-8.jpg\" data-bg=\"https:\/\/tallerelciclo.com\/wp-content\/uploads\/2022\/04\/service-8.jpg\" data-bg-gradient=\"linear-gradient(180deg, rgba(0,28,82,0) 65%,var(--awb-color7) 100%)\"><div class=\"fusion-text fusion-text-1 text-contacte\"><p>Contacta con nosotros rellenando el formulario de contacto, o bien puedes enviarnos un correo, llamarnos o hacernos una visita. Te atenderemos y responderemos tus preguntas.<\/p>\n<\/div><ul style=\"--awb-item-padding-left:15px;--awb-odd-row-bgcolor:rgba(255,255,255,0.8);--awb-even-row-bgcolor:rgba(255,255,255,0.8);--awb-line-height:27.2px;--awb-icon-width:27.2px;--awb-icon-height:27.2px;--awb-icon-margin:11.2px;--awb-content-margin:38.4px;--awb-circlecolor:var(--awb-color5);--awb-circle-yes-font-size:14.08px;\" class=\"fusion-checklist fusion-checklist-1 type-icons\"><li class=\"fusion-li-item\" style=\"\"><span class=\"icon-wrapper circle-yes\"><i class=\"fusion-li-icon fa-envelope fas\" aria-hidden=\"true\"><\/i><\/span><div class=\"fusion-li-item-content\">tallerciclo@gmail.com<\/div><\/li><li class=\"fusion-li-item\" style=\"\"><span class=\"icon-wrapper circle-yes\"><i class=\"fusion-li-icon fa-mobile-alt fas\" aria-hidden=\"true\"><\/i><\/span><div class=\"fusion-li-item-content\">600 862 600 24h<\/div><\/li><li class=\"fusion-li-item\" style=\"\"><span class=\"icon-wrapper circle-yes\"><i class=\"fusion-li-icon fa-mobile-alt fas\" aria-hidden=\"true\"><\/i><\/span><div class=\"fusion-li-item-content\">628 443 298<\/div><\/li><li class=\"fusion-li-item\" style=\"\"><span class=\"icon-wrapper circle-yes\"><i class=\"fusion-li-icon fa-map-marker-alt fas\" aria-hidden=\"true\"><\/i><\/span><div class=\"fusion-li-item-content\">C\/ Bassots n\u00ba 15-17, El Palau d&#8217;Anglesola<\/div><\/li><\/ul><\/div><\/div><div class=\"fusion-layout-column fusion_builder_column fusion-builder-column-1 fusion-flex-column\" style=\"--awb-padding-top:3vw;--awb-padding-right:6vw;--awb-padding-bottom:4vw;--awb-padding-left:6vw;--awb-padding-bottom-small:5vw;--awb-overflow:hidden;--awb-bg-color:var(--awb-color1);--awb-bg-color-hover:var(--awb-color1);--awb-bg-size:cover;--awb-border-radius:0px 8px 8px 0px;--awb-width-large:55%;--awb-margin-top-large:0px;--awb-spacing-right-large:0px;--awb-margin-bottom-large:0px;--awb-spacing-left-large:0px;--awb-width-medium:55%;--awb-order-medium:0;--awb-spacing-right-medium:0px;--awb-spacing-left-medium:0px;--awb-width-small:100%;--awb-order-small:0;--awb-spacing-right-small:0px;--awb-spacing-left-small:0px;\"><div class=\"fusion-column-wrapper fusion-column-has-shadow fusion-flex-justify-content-flex-start fusion-content-layout-column\"><div class=\"fusion-title title fusion-title-1 fusion-sep-none fusion-title-center fusion-title-highlight fusion-loop-off fusion-highlight-underline fusion-title-size-one\" style=\"--awb-highlight-color:var(--awb-color4);--awb-margin-bottom:30px;\" data-highlight=\"underline\"><h1 class=\"fusion-title-heading title-heading-center\" style=\"margin:0;\"><span class=\"fusion-highlighted-text-prefix\"><\/span> <span class=\"fusion-highlighted-text-wrapper\"><span class=\"fusion-highlighted-text\">Contacta<\/span><\/span> <span class=\"fusion-highlighted-text-postfix\">con nosotros<\/span><\/h1><\/div><div class=\"fusion-separator fusion-full-width-sep\" style=\"align-self: center;margin-left: auto;margin-right: auto;margin-bottom:40px;width:100%;\"><\/div>\n<div class=\"wpcf7 no-js\" id=\"wpcf7-f1595-o1\" lang=\"ca\" dir=\"ltr\">\n<div class=\"screen-reader-response\"><p role=\"status\" aria-live=\"polite\" aria-atomic=\"true\"><\/p> <ul><\/ul><\/div>\n<form action=\"\/es\/wp-json\/wp\/v2\/pages\/1537#wpcf7-f1595-o1\" method=\"post\" class=\"wpcf7-form init\" aria-label=\"Formulari de contacte\" novalidate=\"novalidate\" data-status=\"init\">\n<div style=\"display: none;\">\n<input type=\"hidden\" name=\"_wpcf7\" value=\"1595\" \/>\n<input type=\"hidden\" name=\"_wpcf7_version\" value=\"5.9.8\" \/>\n<input type=\"hidden\" name=\"_wpcf7_locale\" value=\"ca\" \/>\n<input type=\"hidden\" name=\"_wpcf7_unit_tag\" value=\"wpcf7-f1595-o1\" \/>\n<input type=\"hidden\" name=\"_wpcf7_container_post\" value=\"0\" \/>\n<input type=\"hidden\" name=\"_wpcf7_posted_data_hash\" value=\"\" \/>\n<input type=\"hidden\" name=\"_wpcf7_recaptcha_response\" value=\"\" \/>\n<\/div>\n<p><label> El nombre<br \/>\n<span class=\"wpcf7-form-control-wrap\" data-name=\"your-name\"><input size=\"40\" maxlength=\"400\" class=\"wpcf7-form-control wpcf7-text wpcf7-validates-as-required\" autocomplete=\"name\" aria-required=\"true\" aria-invalid=\"false\" value=\"\" type=\"text\" name=\"your-name\" \/><\/span> <\/label>\n<\/p>\n<p><label> Correo electr\u00f3nico<br \/>\n<span class=\"wpcf7-form-control-wrap\" data-name=\"your-email\"><input size=\"40\" maxlength=\"400\" class=\"wpcf7-form-control wpcf7-email wpcf7-validates-as-required wpcf7-text wpcf7-validates-as-email\" autocomplete=\"email\" aria-required=\"true\" aria-invalid=\"false\" value=\"\" type=\"email\" name=\"your-email\" \/><\/span> <\/label>\n<\/p>\n<p><label> Asunto<br \/>\n<span class=\"wpcf7-form-control-wrap\" data-name=\"your-subject\"><input size=\"40\" maxlength=\"400\" class=\"wpcf7-form-control wpcf7-text wpcf7-validates-as-required\" aria-required=\"true\" aria-invalid=\"false\" value=\"\" type=\"text\" name=\"your-subject\" \/><\/span> <\/label>\n<\/p>\n<p><label> Mensaje<br \/>\n<span class=\"wpcf7-form-control-wrap\" data-name=\"your-message\"><textarea cols=\"40\" rows=\"10\" maxlength=\"2000\" class=\"wpcf7-form-control wpcf7-textarea\" aria-invalid=\"false\" name=\"your-message\"><\/textarea><\/span> <\/label>\n<\/p>\n<p><span class=\"wpcf7-form-control-wrap\" data-name=\"acceptance-123\"><span class=\"wpcf7-form-control wpcf7-acceptance\"><span class=\"wpcf7-list-item\"><label><input type=\"checkbox\" name=\"acceptance-123\" value=\"1\" aria-invalid=\"false\" \/><span class=\"wpcf7-list-item-label\">He le\u00eddo y acepto la <a href=\"politica-de-privacidad\"> Pol\u00edtica de Privacidad<\/a><\/span><\/label><\/span><\/span><\/span>\n<\/p>\n<p><input class=\"wpcf7-form-control wpcf7-submit has-spinner\" type=\"submit\" value=\"Env\u00eda\" \/>\n<\/p><div class=\"fusion-alert alert custom alert-custom fusion-alert-center wpcf7-response-output awb-alert-native-link-color alert-dismissable awb-alert-close-boxed\" style=\"--awb-border-size:1px;--awb-border-top-left-radius:0px;--awb-border-top-right-radius:0px;--awb-border-bottom-left-radius:0px;--awb-border-bottom-right-radius:0px;\" role=\"alert\"><div class=\"fusion-alert-content-wrapper\"><span class=\"fusion-alert-content\"><\/span><\/div><button type=\"button\" class=\"close toggle-alert\" data-dismiss=\"alert\" aria-label=\"Close\">&times;<\/button><\/div>\n<\/form>\n<\/div>\n<\/div><\/div><\/div><\/div><div class=\"fusion-fullwidth fullwidth-box fusion-builder-row-2 fusion-flex-container has-pattern-background has-mask-background nonhundred-percent-fullwidth non-hundred-percent-height-scrolling\" style=\"--awb-border-radius-top-left:0px;--awb-border-radius-top-right:0px;--awb-border-radius-bottom-right:0px;--awb-border-radius-bottom-left:0px;--awb-flex-wrap:wrap;\" ><div class=\"fusion-builder-row fusion-row fusion-flex-align-items-flex-start fusion-flex-content-wrap\" style=\"max-width:1424.8px;margin-left: calc(-4% \/ 2 );margin-right: calc(-4% \/ 2 );\"><div class=\"fusion-layout-column fusion_builder_column fusion-builder-column-2 fusion_builder_column_1_1 1_1 fusion-flex-column\" style=\"--awb-padding-top:30px;--awb-bg-size:cover;--awb-width-large:100%;--awb-margin-top-large:0px;--awb-spacing-right-large:1.92%;--awb-margin-bottom-large:20px;--awb-spacing-left-large:1.92%;--awb-width-medium:100%;--awb-order-medium:0;--awb-spacing-right-medium:1.92%;--awb-spacing-left-medium:1.92%;--awb-width-small:100%;--awb-order-small:0;--awb-spacing-right-small:1.92%;--awb-spacing-left-small:1.92%;\" data-scroll-devices=\"small-visibility,medium-visibility,large-visibility\"><div class=\"fusion-column-wrapper fusion-column-has-shadow fusion-flex-justify-content-flex-start fusion-content-layout-column\"><div class=\"fusion-text fusion-text-2\" style=\"--awb-content-alignment:center;\"><p>Tienes a tu disposici\u00f3n varias v\u00edas de contacto, la primera de ellas es el <b>formulario<\/b> que tienes encima de estas l\u00edneas. Rell\u00e9nalo y te pondr\u00e1s en contacto con <b>Taller el Cicl\u00f3 S.L.<\/b> Una vez recibida tu consulta, nosotros te ayudaremos a resolver tus dudas o consultas. Puedes enviarnos cualquier consulta que quieras, siempre y cuando tengan que ver con las actividades que llevamos a cabo en nuestra empresa.<br \/>\nOtra v\u00eda de contacto de la que te puedes beneficiar es el <b>correo electr\u00f3nico<\/b>, nos puedes enviar un email en <b>tallerciclo@gmail.com<\/b>, el cual tambi\u00e9n puedes ver al lado izquierdo del formulario o al pie de p\u00e1gina, y responderemos a tu consulta tan pronto como podamos, siempre que estemos disponibles.<br \/>\nTambi\u00e9n nos puedes llamar por <b>tel\u00e9fono<\/b>, disponemos de dos n\u00fameros, el <b>628 443 298<\/b> y el <b>600 862 600, este \u00faltimo est\u00e1 disponible las 24 horas del d\u00eda.<\/b><br \/>\nEn el caso de que no quieras contactarnos por v\u00eda telem\u00e1tica, tambi\u00e9n <b>nos puedes venir a visitar<\/b> presencialmente en nuestra empresa, situada en la <b>calle Bassots n\u00famero 15-17, en el Palau d&#8217;Anglesola<\/b>, te responderemos a las consultas que puedas tener y podr\u00e1s conocer mejor nuestra empresa y podr\u00e1s saber c\u00f3mo trabajamos.<br \/>\nSi tienes alguna pregunta sobre que servicios ofrecemos, c\u00f3mo trabajamos o tienes pensado de hacer alguna reforma, no te lo pienses, <b>ponte en contacto con nosotros<\/b>. Nos podr\u00e1s conocer mejor y obtendr\u00e1s la informaci\u00f3n necesaria para poder contratar nuestros servicios. Uno de nuestros objectivos es que los clientes conf\u00eden en nosotros para que nos recomienden a m\u00e1s gente y crecer como empresa y como personas.<\/p>\n<\/div><\/div><\/div><\/div><\/div><\/p>\n","protected":false},"excerpt":{"rendered":"","protected":false},"author":1,"featured_media":0,"parent":0,"menu_order":0,"comment_status":"closed","ping_status":"closed","template":"100-width.php","meta":{"footnotes":""},"class_list":["post-1537","page","type-page","status-publish","hentry"],"yoast_head":"<!-- This site is optimized with the Yoast SEO plugin v23.2 - https:\/\/yoast.com\/wordpress\/plugins\/seo\/ -->\n<title>Contacto - Taller el Cicl\u00f3<\/title>\n<meta name=\"robots\" content=\"index, follow, max-snippet:-1, max-image-preview:large, max-video-preview:-1\" \/>\n<link rel=\"canonical\" href=\"https:\/\/tallerelciclo.com\/es\/contacto\/\" \/>\n<meta property=\"og:locale\" content=\"es_ES\" \/>\n<meta property=\"og:type\" content=\"article\" \/>\n<meta property=\"og:title\" content=\"Contacto - Taller el Cicl\u00f3\" \/>\n<meta property=\"og:url\" content=\"https:\/\/tallerelciclo.com\/es\/contacto\/\" \/>\n<meta property=\"og:site_name\" content=\"Taller el Cicl\u00f3\" \/>\n<meta property=\"article:modified_time\" content=\"2024-08-13T14:26:25+00:00\" \/>\n<meta name=\"twitter:card\" content=\"summary_large_image\" \/>\n<meta name=\"twitter:label1\" content=\"Tiempo de lectura\" \/>\n\t<meta name=\"twitter:data1\" content=\"2 minutos\" \/>\n<script type=\"application\/ld+json\" class=\"yoast-schema-graph\">{\"@context\":\"https:\/\/schema.org\",\"@graph\":[{\"@type\":\"WebPage\",\"@id\":\"https:\/\/tallerelciclo.com\/es\/contacto\/\",\"url\":\"https:\/\/tallerelciclo.com\/es\/contacto\/\",\"name\":\"Contacto - Taller el Cicl\u00f3\",\"isPartOf\":{\"@id\":\"https:\/\/tallerelciclo.com\/#website\"},\"datePublished\":\"2021-01-20T18:01:27+00:00\",\"dateModified\":\"2024-08-13T14:26:25+00:00\",\"breadcrumb\":{\"@id\":\"https:\/\/tallerelciclo.com\/es\/contacto\/#breadcrumb\"},\"inLanguage\":\"es\",\"potentialAction\":[{\"@type\":\"ReadAction\",\"target\":[\"https:\/\/tallerelciclo.com\/es\/contacto\/\"]}]},{\"@type\":\"BreadcrumbList\",\"@id\":\"https:\/\/tallerelciclo.com\/es\/contacto\/#breadcrumb\",\"itemListElement\":[{\"@type\":\"ListItem\",\"position\":1,\"name\":\"Inici\",\"item\":\"https:\/\/tallerelciclo.com\/es\/\"},{\"@type\":\"ListItem\",\"position\":2,\"name\":\"Contacto\"}]},{\"@type\":\"WebSite\",\"@id\":\"https:\/\/tallerelciclo.com\/#website\",\"url\":\"https:\/\/tallerelciclo.com\/\",\"name\":\"Taller el Cicl\u00f3\",\"description\":\"\",\"potentialAction\":[{\"@type\":\"SearchAction\",\"target\":{\"@type\":\"EntryPoint\",\"urlTemplate\":\"https:\/\/tallerelciclo.com\/?s={search_term_string}\"},\"query-input\":\"required name=search_term_string\"}],\"inLanguage\":\"es\"}]}<\/script>\n<!-- \/ Yoast SEO plugin. -->","yoast_head_json":{"title":"Contacto - Taller el Cicl\u00f3","robots":{"index":"index","follow":"follow","max-snippet":"max-snippet:-1","max-image-preview":"max-image-preview:large","max-video-preview":"max-video-preview:-1"},"canonical":"https:\/\/tallerelciclo.com\/es\/contacto\/","og_locale":"es_ES","og_type":"article","og_title":"Contacto - Taller el Cicl\u00f3","og_url":"https:\/\/tallerelciclo.com\/es\/contacto\/","og_site_name":"Taller el Cicl\u00f3","article_modified_time":"2024-08-13T14:26:25+00:00","twitter_card":"summary_large_image","twitter_misc":{"Tiempo de lectura":"2 minutos"},"schema":{"@context":"https:\/\/schema.org","@graph":[{"@type":"WebPage","@id":"https:\/\/tallerelciclo.com\/es\/contacto\/","url":"https:\/\/tallerelciclo.com\/es\/contacto\/","name":"Contacto - Taller el Cicl\u00f3","isPartOf":{"@id":"https:\/\/tallerelciclo.com\/#website"},"datePublished":"2021-01-20T18:01:27+00:00","dateModified":"2024-08-13T14:26:25+00:00","breadcrumb":{"@id":"https:\/\/tallerelciclo.com\/es\/contacto\/#breadcrumb"},"inLanguage":"es","potentialAction":[{"@type":"ReadAction","target":["https:\/\/tallerelciclo.com\/es\/contacto\/"]}]},{"@type":"BreadcrumbList","@id":"https:\/\/tallerelciclo.com\/es\/contacto\/#breadcrumb","itemListElement":[{"@type":"ListItem","position":1,"name":"Inici","item":"https:\/\/tallerelciclo.com\/es\/"},{"@type":"ListItem","position":2,"name":"Contacto"}]},{"@type":"WebSite","@id":"https:\/\/tallerelciclo.com\/#website","url":"https:\/\/tallerelciclo.com\/","name":"Taller el Cicl\u00f3","description":"","potentialAction":[{"@type":"SearchAction","target":{"@type":"EntryPoint","urlTemplate":"https:\/\/tallerelciclo.com\/?s={search_term_string}"},"query-input":"required name=search_term_string"}],"inLanguage":"es"}]}},"_links":{"self":[{"href":"https:\/\/tallerelciclo.com\/es\/wp-json\/wp\/v2\/pages\/1537","targetHints":{"allow":["GET"]}}],"collection":[{"href":"https:\/\/tallerelciclo.com\/es\/wp-json\/wp\/v2\/pages"}],"about":[{"href":"https:\/\/tallerelciclo.com\/es\/wp-json\/wp\/v2\/types\/page"}],"author":[{"embeddable":true,"href":"https:\/\/tallerelciclo.com\/es\/wp-json\/wp\/v2\/users\/1"}],"replies":[{"embeddable":true,"href":"https:\/\/tallerelciclo.com\/es\/wp-json\/wp\/v2\/comments?post=1537"}],"version-history":[{"count":8,"href":"https:\/\/tallerelciclo.com\/es\/wp-json\/wp\/v2\/pages\/1537\/revisions"}],"predecessor-version":[{"id":1597,"href":"https:\/\/tallerelciclo.com\/es\/wp-json\/wp\/v2\/pages\/1537\/revisions\/1597"}],"wp:attachment":[{"href":"https:\/\/tallerelciclo.com\/es\/wp-json\/wp\/v2\/media?parent=1537"}],"curies":[{"name":"wp","href":"https:\/\/api.w.org\/{rel}","templated":true}]}}